{"id":158,"date":"2011-07-18T12:35:59","date_gmt":"2011-07-18T12:35:59","guid":{"rendered":"http:\/\/2011.forzaitalia.pl\/?page_id=158"},"modified":"2011-08-31T15:35:33","modified_gmt":"2011-08-31T15:35:33","slug":"harmonogram","status":"publish","type":"page","link":"https:\/\/2011.forzaitalia.pl\/index.php\/harmonogram\/","title":{"rendered":"Harmonogram"},"content":{"rendered":"<p><strong>Sobota 10.09.2011<\/strong><\/p>\n<p>08:00 otwarcie biura zlotu<\/p>\n<p>08-11:00 wjazd uczestnik\u00f3w na teren zlotu<\/p>\n<p>10:00 start ma\u0142ej gastronomii, kava, przek\u0105ski<\/p>\n<p>11:30 uroczyste rozpocz\u0119cie zlotu, przywitanie uczestnik\u00f3w<\/p>\n<p>12:00-17:00 blok zabaw dla dzieci, miasteczko samochodowe<\/p>\n<p>12:00-12:30 odprawa do rajdu turystycznego<\/p>\n<p>13:00-14:00 start do rajdu turystycznego<\/p>\n<p>14:00-16:00 blok merytoryczny w pa\u0142acu (prelekcje, wyk\u0142ady)<\/p>\n<p>13:00-16:00 bufet obiadowy<\/p>\n<p>16:00-19:00 bufet grillowy<\/p>\n<p>16:00-18:00 meta rajdu turystycznego<\/p>\n<p>18:00-19:00 bufet obiadowy dla uczestnik\u00f3w rajdu<\/p>\n<p>17:30 konkurs wiedzy o w\u0142oskiej motoryzacji<\/p>\n<p>18:00 kino w\u0142oskie<\/p>\n<p>20:00 zamkni\u0119cie zlotu dla os\u00f3b odwiedzaj\u0105cych<\/p>\n<p>20:30 kolacja, wst\u0119p tylko dla zapisanych go\u015bci<\/p>\n<p>22:30 ogniste logo ForzaItalia.pl<\/p>\n<p><strong>Niedziela 11.09.2011<\/strong><\/p>\n<p>08:00 otwarcie biura zlotu<\/p>\n<p>08:00-10:00 wjazd uczestnik\u00f3w<\/p>\n<p>10:30 rozpocz\u0119cie oficjalne drugiego dnia zlotu<\/p>\n<p>12:00-17:00 blok zabaw dla dzieci, miasteczko samochodowe<\/p>\n<p>12:00-13:30 pokaz najciekawszych pojazd\u00f3w zlotu<\/p>\n<p>13:00-16:00 bufet obiadowy<\/p>\n<p>13:30-15:00 blok merytoryczny w pa\u0142acu (prelekcje, wyk\u0142ady)<\/p>\n<p>15:00-17:00 rozdanie nagr\u00f3d zlotowych, uroczyste zako\u0144czenie zlotu<strong><br \/>\n<\/strong><\/p>\n","protected":false},"excerpt":{"rendered":"<p>Sobota 10.09.2011 08:00 otwarcie biura zlotu 08-11:00 wjazd uczestnik\u00f3w na teren zlotu 10:00 start ma\u0142ej gastronomii, kava, przek\u0105ski 11:30 uroczyste rozpocz\u0119cie zlotu, przywitanie uczestnik\u00f3w 12:00-17:00 blok zabaw dla dzieci, miasteczko samochodowe 12:00-12:30 odprawa do rajdu turystycznego 13:00-14:00 start do rajdu turystycznego 14:00-16:00 blok merytoryczny w pa\u0142acu (prelekcje, wyk\u0142ady) 13:00-16:00 bufet obiadowy 16:00-19:00 bufet grillowy 16:00-18:00 [&hellip;]<\/p>\n","protected":false},"author":1,"featured_media":0,"parent":0,"menu_order":0,"comment_status":"open","ping_status":"closed","template":"","meta":{"_monsterinsights_skip_tracking":false,"_monsterinsights_sitenote_active":false,"_monsterinsights_sitenote_note":"","_monsterinsights_sitenote_category":0,"footnotes":""},"class_list":["post-158","page","type-page","status-publish","hentry","has-post-title","has-post-date","has-post-category","has-post-tag","has-post-comment","has-post-author",""],"builder_content":"","_links":{"self":[{"href":"https:\/\/2011.forzaitalia.pl\/index.php\/wp-json\/wp\/v2\/pages\/158","targetHints":{"allow":["GET"]}}],"collection":[{"href":"https:\/\/2011.forzaitalia.pl\/index.php\/wp-json\/wp\/v2\/pages"}],"about":[{"href":"https:\/\/2011.forzaitalia.pl\/index.php\/wp-json\/wp\/v2\/types\/page"}],"author":[{"embeddable":true,"href":"https:\/\/2011.forzaitalia.pl\/index.php\/wp-json\/wp\/v2\/users\/1"}],"replies":[{"embeddable":true,"href":"https:\/\/2011.forzaitalia.pl\/index.php\/wp-json\/wp\/v2\/comments?post=158"}],"version-history":[{"count":14,"href":"https:\/\/2011.forzaitalia.pl\/index.php\/wp-json\/wp\/v2\/pages\/158\/revisions"}],"predecessor-version":[{"id":362,"href":"https:\/\/2011.forzaitalia.pl\/index.php\/wp-json\/wp\/v2\/pages\/158\/revisions\/362"}],"wp:attachment":[{"href":"https:\/\/2011.forzaitalia.pl\/index.php\/wp-json\/wp\/v2\/media?parent=158"}],"curies":[{"name":"wp","href":"https:\/\/api.w.org\/{rel}","templated":true}]}}